{"id":10021,"date":"2023-02-01T14:57:26","date_gmt":"2023-02-01T14:57:26","guid":{"rendered":"http:\/\/surfnyogasrilanka.com\/?page_id=10021"},"modified":"2023-02-01T15:17:05","modified_gmt":"2023-02-01T15:17:05","slug":"meet-our-partners-mantra-surf-club","status":"publish","type":"page","link":"https:\/\/surfnyogasrilanka.com\/de\/meet-our-partners-mantra-surf-club\/","title":{"rendered":"Meet Our partners: Mantra surf club"},"content":{"rendered":"<div data-elementor-type=\"wp-page\" data-elementor-id=\"10021\" class=\"elementor elementor-10021\">\n\t\t\t\t\t\t<section class=\"elementor-section elementor-top-section elementor-element elementor-element-7b654aa elementor-section-boxed elementor-section-height-default elementor-section-height-default\" data-id=\"7b654aa\" data-element_type=\"section\" data-settings=\"{&quot;background_background&quot;:&quot;classic&quot;}\">\n\t\t\t\t\t\t\t<div class=\"elementor-background-overlay\"><\/div>\n\t\t\t\t\t\t\t<div class=\"elementor-container elementor-column-gap-default\">\n\t\t\t\t\t<div class=\"elementor-column elementor-col-100 elementor-top-column elementor-element elementor-element-cb5b017 elementor-invisible\" data-id=\"cb5b017\" data-element_type=\"column\" data-settings=\"{&quot;animation&quot;:&quot;fadeInUp&quot;}\">\n\t\t\t<div class=\"elementor-widget-wrap elementor-element-populated\">\n\t\t\t\t\t\t<div class=\"elementor-element elementor-element-4aeccbf elementor-widget elementor-widget-heading\" data-id=\"4aeccbf\" data-element_type=\"widget\" data-widget_type=\"heading.default\">\n\t\t\t\t<div class=\"elementor-widget-container\">\n\t\t\t\t\t<h1 class=\"elementor-heading-title elementor-size-default\">MANTRA SURF CLUB<\/h1>\t\t\t\t<\/div>\n\t\t\t\t<\/div>\n\t\t\t\t\t<\/div>\n\t\t<\/div>\n\t\t\t\t\t<\/div>\n\t\t<\/section>\n\t\t\t\t<section class=\"elementor-section elementor-top-section elementor-element elementor-element-086c9b4 elementor-section-boxed elementor-section-height-default elementor-section-height-default\" data-id=\"086c9b4\" data-element_type=\"section\">\n\t\t\t\t\t\t<div class=\"elementor-container elementor-column-gap-default\">\n\t\t\t\t\t<div class=\"elementor-column elementor-col-100 elementor-top-column elementor-element elementor-element-89f4f74\" data-id=\"89f4f74\" data-element_type=\"column\">\n\t\t\t<div class=\"elementor-widget-wrap elementor-element-populated\">\n\t\t\t\t\t\t<div class=\"elementor-element elementor-element-1e81cd8 elementor-widget elementor-widget-spacer\" data-id=\"1e81cd8\" data-element_type=\"widget\" data-widget_type=\"spacer.default\">\n\t\t\t\t<div class=\"elementor-widget-container\">\n\t\t\t\t\t\t\t<div class=\"elementor-spacer\">\n\t\t\t<div class=\"elementor-spacer-inner\"><\/div>\n\t\t<\/div>\n\t\t\t\t\t\t<\/div>\n\t\t\t\t<\/div>\n\t\t\t\t\t<\/div>\n\t\t<\/div>\n\t\t\t\t\t<\/div>\n\t\t<\/section>\n\t\t\t\t<section class=\"elementor-section elementor-top-section elementor-element elementor-element-a36680f elementor-section-boxed elementor-section-height-default elementor-section-height-default\" data-id=\"a36680f\" data-element_type=\"section\">\n\t\t\t\t\t\t<div class=\"elementor-container elementor-column-gap-default\">\n\t\t\t\t\t<div class=\"elementor-column elementor-col-100 elementor-top-column elementor-element elementor-element-07d91fb\" data-id=\"07d91fb\" data-element_type=\"column\">\n\t\t\t<div class=\"elementor-widget-wrap elementor-element-populated\">\n\t\t\t\t\t\t<div class=\"elementor-element elementor-element-baba6f1 elementor-widget elementor-widget-heading\" data-id=\"baba6f1\" data-element_type=\"widget\" data-widget_type=\"heading.default\">\n\t\t\t\t<div class=\"elementor-widget-container\">\n\t\t\t\t\t<h2 class=\"elementor-heading-title elementor-size-default\">ABOut US<\/h2>\t\t\t\t<\/div>\n\t\t\t\t<\/div>\n\t\t\t\t<div class=\"elementor-element elementor-element-7e74a29 elementor-view-default elementor-widget elementor-widget-icon\" data-id=\"7e74a29\" data-element_type=\"widget\" data-widget_type=\"icon.default\">\n\t\t\t\t<div class=\"elementor-widget-container\">\n\t\t\t\t\t\t\t<div class=\"elementor-icon-wrapper\">\n\t\t\t<div class=\"elementor-icon\">\n\t\t\t<svg xmlns=\"http:\/\/www.w3.org\/2000\/svg\" xmlns:xlink=\"http:\/\/www.w3.org\/1999\/xlink\" id=\"Layer_1\" x=\"0px\" y=\"0px\" viewbox=\"0 0 48.9 9.1\" style=\"enable-background:new 0 0 48.9 9.1;\" xml:space=\"preserve\"><path d=\"M4,8C3.2,7.6,2.1,7.3,1.4,6.7C1,6.3,1.1,5.4,1,4.7c0.6-0.1,1.4-0.5,1.8-0.3C4.2,5.4,5.1,4.8,6,3.8c3.4-3.5,6.5-3.5,9.9-0.1  c1.6,1.6,2,1.6,3.6,0c3.5-3.5,6.4-3.5,9.9,0c1.6,1.6,2,1.6,3.6-0.1c3.4-3.5,6.4-3.5,9.8,0c1,1,1.9,1.6,3.3,0.7  c0.3-0.2,1.4,0.1,1.6,0.4c0.2,0.5,0.1,1.4-0.3,1.8c-1.3,1.4-3.7,1.5-5.4,0.1c-0.7-0.6-1.3-1.3-2-1.9c-1.4-1.3-2.8-1.3-4.3,0  c-0.5,0.4-0.9,0.9-1.4,1.4c-2.1,2-4.4,2-6.5,0c-0.2-0.2-0.4-0.4-0.6-0.6c-2.3-2.3-3.5-2.3-5.9,0c-2.8,2.8-4.9,2.8-7.6,0  c-2.2-2.2-3.6-2.3-5.8,0C7,6.8,5.9,7.9,4,8z\"><\/path><\/svg>\t\t\t<\/div>\n\t\t<\/div>\n\t\t\t\t\t\t<\/div>\n\t\t\t\t<\/div>\n\t\t\t\t<div class=\"elementor-element elementor-element-e1e54bc elementor-widget elementor-widget-text-editor\" data-id=\"e1e54bc\" data-element_type=\"widget\" data-widget_type=\"text-editor.default\">\n\t\t\t\t<div class=\"elementor-widget-container\">\n\t\t\t\t\t\t\t\t\t<p><span style=\"font-weight: 400;\">Namaste. Welcome to the Mantra Surf Club. We made history as India\u2019s first surfing club and are passionately dedicated to the pastime of surfing, introducing surfing in India, and introducing India to the international surfing community.\u00a0<\/span><\/p><p>\u00a0<\/p><p><span style=\"font-weight: 400;\">The Mantra Surf Club was started in 2004 by Jack Hebner and Rick Perry who as kids had begun surfing themselves in 1963 at Jacksonville Beach, Florida, USA. Back in the old days both Jack and Rick were members of North Florida&#8217;s first surf club, Oceanside, and were among the pioneers of surfing on the East Coast of the United States. Later they pioneered surfing in India.<\/span><\/p><p><br \/><br \/><\/p><p><span style=\"font-weight: 400;\">Mantra Surf Club is India&#8217;s first surf school, located in a beautiful coastal setting. At our club, we offer a range of water sports and outdoor activities for people of all ages and skill levels. Our experienced instructors teach surfing, kayaking, and stand-up paddling, helping students to develop their skills and confidence in the water.\u00a0<\/span><\/p><p>\u00a0<\/p><p><span style=\"font-weight: 400;\">In addition to water sports, we also offer a range of land-based activities, including camping, cycling, and yoga. Our yoga and meditation classes provide a peaceful and relaxing atmosphere, where people can focus on their wellness and personal growth.\u00a0<\/span><\/p><p>\u00a0<\/p><p><span style=\"font-weight: 400;\">At Mantra Surf Club, we believe in promoting a healthy, active lifestyle and encourage people to embrace the beauty and adventure of the outdoors. Whether you&#8217;re a seasoned surfer or new to water sports, we have something for everyone at our club.<\/span><\/p><p>\u00a0<\/p>\t\t\t\t\t\t\t\t<\/div>\n\t\t\t\t<\/div>\n\t\t\t\t\t<\/div>\n\t\t<\/div>\n\t\t\t\t\t<\/div>\n\t\t<\/section>\n\t\t\t\t<section class=\"elementor-section elementor-top-section elementor-element elementor-element-680936d elementor-section-boxed elementor-section-height-default elementor-section-height-default\" data-id=\"680936d\" data-element_type=\"section\">\n\t\t\t\t\t\t<div class=\"elementor-container elementor-column-gap-default\">\n\t\t\t\t\t<div class=\"elementor-column elementor-col-100 elementor-top-column elementor-element elementor-element-f87b699\" data-id=\"f87b699\" data-element_type=\"column\">\n\t\t\t<div class=\"elementor-widget-wrap elementor-element-populated\">\n\t\t\t\t\t\t<div class=\"elementor-element elementor-element-7ef3237 elementor-widget elementor-widget-spacer\" data-id=\"7ef3237\" data-element_type=\"widget\" data-widget_type=\"spacer.default\">\n\t\t\t\t<div class=\"elementor-widget-container\">\n\t\t\t\t\t\t\t<div class=\"elementor-spacer\">\n\t\t\t<div class=\"elementor-spacer-inner\"><\/div>\n\t\t<\/div>\n\t\t\t\t\t\t<\/div>\n\t\t\t\t<\/div>\n\t\t\t\t<div class=\"elementor-element elementor-element-57ed1f5 elementor-arrows-position-inside elementor-widget elementor-widget-image-carousel\" data-id=\"57ed1f5\" data-element_type=\"widget\" data-settings=\"{&quot;slides_to_show&quot;:&quot;1&quot;,&quot;navigation&quot;:&quot;arrows&quot;,&quot;autoplay&quot;:&quot;yes&quot;,&quot;pause_on_hover&quot;:&quot;yes&quot;,&quot;pause_on_interaction&quot;:&quot;yes&quot;,&quot;autoplay_speed&quot;:5000,&quot;infinite&quot;:&quot;yes&quot;,&quot;effect&quot;:&quot;slide&quot;,&quot;speed&quot;:500}\" data-widget_type=\"image-carousel.default\">\n\t\t\t\t<div class=\"elementor-widget-container\">\n\t\t\t\t\t\t\t<div class=\"elementor-image-carousel-wrapper swiper\" role=\"region\" aria-roledescription=\"carousel\" aria-label=\"Bild Karussell\" dir=\"ltr\">\n\t\t\t<div class=\"elementor-image-carousel swiper-wrapper\" aria-live=\"off\">\n\t\t\t\t\t\t\t\t<div class=\"swiper-slide\" role=\"group\" aria-roledescription=\"slide\" aria-label=\"1 of 7\"><figure class=\"swiper-slide-inner\"><img decoding=\"async\" class=\"swiper-slide-image\" src=\"https:\/\/surfnyogasrilanka.com\/wp-content\/uploads\/2023\/02\/IMG_0150-scaled.jpg\" alt=\"IMG_0150\" \/><\/figure><\/div><div class=\"swiper-slide\" role=\"group\" aria-roledescription=\"slide\" aria-label=\"2 of 7\"><figure class=\"swiper-slide-inner\"><img decoding=\"async\" class=\"swiper-slide-image\" src=\"https:\/\/surfnyogasrilanka.com\/wp-content\/uploads\/2023\/02\/IMG_0151-scaled.jpg\" alt=\"IMG_0151\" \/><\/figure><\/div><div class=\"swiper-slide\" role=\"group\" aria-roledescription=\"slide\" aria-label=\"3 of 7\"><figure class=\"swiper-slide-inner\"><img decoding=\"async\" class=\"swiper-slide-image\" src=\"https:\/\/surfnyogasrilanka.com\/wp-content\/uploads\/2023\/02\/IMG_0153-scaled.jpg\" alt=\"IMG_0153\" \/><\/figure><\/div><div class=\"swiper-slide\" role=\"group\" aria-roledescription=\"slide\" aria-label=\"4 of 7\"><figure class=\"swiper-slide-inner\"><img decoding=\"async\" class=\"swiper-slide-image\" src=\"https:\/\/surfnyogasrilanka.com\/wp-content\/uploads\/2023\/02\/IMG_0155-scaled.jpg\" alt=\"IMG_0155\" \/><\/figure><\/div><div class=\"swiper-slide\" role=\"group\" aria-roledescription=\"slide\" aria-label=\"5 of 7\"><figure class=\"swiper-slide-inner\"><img decoding=\"async\" class=\"swiper-slide-image\" src=\"https:\/\/surfnyogasrilanka.com\/wp-content\/uploads\/2023\/01\/DJI_0111-scaled.jpg\" alt=\"DCIM100MEDIADJI_0111.JPG\" \/><\/figure><\/div><div class=\"swiper-slide\" role=\"group\" aria-roledescription=\"slide\" aria-label=\"6 of 7\"><figure class=\"swiper-slide-inner\"><img decoding=\"async\" class=\"swiper-slide-image\" src=\"https:\/\/surfnyogasrilanka.com\/wp-content\/uploads\/2023\/01\/IMG_6593-scaled.jpg\" alt=\"IMG_6593\" \/><\/figure><\/div><div class=\"swiper-slide\" role=\"group\" aria-roledescription=\"slide\" aria-label=\"7 of 7\"><figure class=\"swiper-slide-inner\"><img decoding=\"async\" class=\"swiper-slide-image\" src=\"https:\/\/surfnyogasrilanka.com\/wp-content\/uploads\/2023\/01\/b4852d4a-36b3-4b85-9a77-1730cf6662e0-768x1024.jpg\" alt=\"b4852d4a-36b3-4b85-9a77-1730cf6662e0\" \/><\/figure><\/div>\t\t\t<\/div>\n\t\t\t\t\t\t\t\t\t\t\t\t<div class=\"elementor-swiper-button elementor-swiper-button-prev\" role=\"button\" tabindex=\"0\">\n\t\t\t\t\t\t<i aria-hidden=\"true\" class=\"eicon-chevron-left\"><\/i>\t\t\t\t\t<\/div>\n\t\t\t\t\t<div class=\"elementor-swiper-button elementor-swiper-button-next\" role=\"button\" tabindex=\"0\">\n\t\t\t\t\t\t<i aria-hidden=\"true\" class=\"eicon-chevron-right\"><\/i>\t\t\t\t\t<\/div>\n\t\t\t\t\n\t\t\t\t\t\t\t\t\t<\/div>\n\t\t\t\t\t\t<\/div>\n\t\t\t\t<\/div>\n\t\t\t\t\t<\/div>\n\t\t<\/div>\n\t\t\t\t\t<\/div>\n\t\t<\/section>\n\t\t\t\t<section class=\"elementor-section elementor-top-section elementor-element elementor-element-96e6d1f elementor-section-boxed elementor-section-height-default elementor-section-height-default elementor-invisible\" data-id=\"96e6d1f\" data-element_type=\"section\" data-settings=\"{&quot;animation&quot;:&quot;fadeInUp&quot;}\">\n\t\t\t\t\t\t<div class=\"elementor-container elementor-column-gap-default\">\n\t\t\t\t\t<div class=\"elementor-column elementor-col-100 elementor-top-column elementor-element elementor-element-270a0f8\" data-id=\"270a0f8\" data-element_type=\"column\">\n\t\t\t<div class=\"elementor-widget-wrap elementor-element-populated\">\n\t\t\t\t\t\t<div class=\"elementor-element elementor-element-a08c583 elementor-widget elementor-widget-text-editor\" data-id=\"a08c583\" data-element_type=\"widget\" data-widget_type=\"text-editor.default\">\n\t\t\t\t<div class=\"elementor-widget-container\">\n\t\t\t\t\t\t\t\t\t<p>Bereit mit uns auf das Abenteuer deines Lebens zu gehen?<\/p>\t\t\t\t\t\t\t\t<\/div>\n\t\t\t\t<\/div>\n\t\t\t\t<div class=\"elementor-element elementor-element-3038236 elementor-align-center elementor-mobile-align-center elementor-invisible elementor-widget elementor-widget-button\" data-id=\"3038236\" data-element_type=\"widget\" data-settings=\"{&quot;_animation&quot;:&quot;bounceIn&quot;,&quot;_animation_delay&quot;:1000}\" data-widget_type=\"button.default\">\n\t\t\t\t<div class=\"elementor-widget-container\">\n\t\t\t\t\t\t\t\t\t<div class=\"elementor-button-wrapper\">\n\t\t\t\t\t<a class=\"elementor-button elementor-button-link elementor-size-lg\" href=\"https:\/\/surf-yoga-mirissa.bookinglayer.com\/en\/category\/mirissa\">\n\t\t\t\t\t\t<span class=\"elementor-button-content-wrapper\">\n\t\t\t\t\t\t\t\t\t<span class=\"elementor-button-text\">NIMM MICH MIT<\/span>\n\t\t\t\t\t<\/span>\n\t\t\t\t\t<\/a>\n\t\t\t\t<\/div>\n\t\t\t\t\t\t\t\t<\/div>\n\t\t\t\t<\/div>\n\t\t\t\t\t<\/div>\n\t\t<\/div>\n\t\t\t\t\t<\/div>\n\t\t<\/section>\n\t\t\t\t<section class=\"elementor-section elementor-top-section elementor-element elementor-element-d5def6c elementor-section-boxed elementor-section-height-default elementor-section-height-default\" data-id=\"d5def6c\" data-element_type=\"section\">\n\t\t\t\t\t\t<div class=\"elementor-container elementor-column-gap-default\">\n\t\t\t\t\t<div data-wts-url=\"http:\/\/surfnyogasrilanka.com\/162686636600916268663660091626866366009\/the-camp\" data-wts-link=\"yes\" data-wts-new-window=\"\" class=\"elementor-column elementor-col-33 elementor-top-column elementor-element elementor-element-adf304e ae-link-yes elementor-invisible\" data-id=\"adf304e\" data-element_type=\"column\" data-settings=\"{&quot;background_background&quot;:&quot;classic&quot;,&quot;animation&quot;:&quot;fadeInLeft&quot;}\">\n\t\t\t<div class=\"elementor-widget-wrap elementor-element-populated\">\n\t\t\t\t\t<div class=\"elementor-background-overlay\"><\/div>\n\t\t\t\t\t\t<div class=\"elementor-element elementor-element-650e763 elementor-widget elementor-widget-heading\" data-id=\"650e763\" data-element_type=\"widget\" data-widget_type=\"heading.default\">\n\t\t\t\t<div class=\"elementor-widget-container\">\n\t\t\t\t\t<h2 class=\"elementor-heading-title elementor-size-default\">DAS CAMP<\/h2>\t\t\t\t<\/div>\n\t\t\t\t<\/div>\n\t\t\t\t<div class=\"elementor-element elementor-element-142999b elementor-widget-divider--view-line elementor-widget elementor-widget-divider\" data-id=\"142999b\" data-element_type=\"widget\" data-widget_type=\"divider.default\">\n\t\t\t\t<div class=\"elementor-widget-container\">\n\t\t\t\t\t\t\t<div class=\"elementor-divider\">\n\t\t\t<span class=\"elementor-divider-separator\">\n\t\t\t\t\t\t<\/span>\n\t\t<\/div>\n\t\t\t\t\t\t<\/div>\n\t\t\t\t<\/div>\n\t\t\t\t<div class=\"elementor-element elementor-element-5462964 elementor-widget elementor-widget-text-editor\" data-id=\"5462964\" data-element_type=\"widget\" data-widget_type=\"text-editor.default\">\n\t\t\t\t<div class=\"elementor-widget-container\">\n\t\t\t\t\t\t\t\t\t<p>Das grp\u00dfz\u00fcgige Surf- und Yogacamp liegt direkt an der Hauptstra\u00dfe in Mirissa und erstreckt sich in die wundersch\u00f6ne Dschungelumgebung.<\/p>\t\t\t\t\t\t\t\t<\/div>\n\t\t\t\t<\/div>\n\t\t\t\t\t<\/div>\n\t\t<\/div>\n\t\t\t\t<div data-wts-url=\"http:\/\/surfnyogasrilanka.com\/162686636600916268663660091626866366009\/location\" data-wts-link=\"yes\" data-wts-new-window=\"\" class=\"elementor-column elementor-col-33 elementor-top-column elementor-element elementor-element-9e6303b ae-link-yes elementor-invisible\" data-id=\"9e6303b\" data-element_type=\"column\" data-settings=\"{&quot;background_background&quot;:&quot;classic&quot;,&quot;animation&quot;:&quot;fadeInUp&quot;}\">\n\t\t\t<div class=\"elementor-widget-wrap elementor-element-populated\">\n\t\t\t\t\t<div class=\"elementor-background-overlay\"><\/div>\n\t\t\t\t\t\t<div class=\"elementor-element elementor-element-3e6b49e elementor-widget elementor-widget-heading\" data-id=\"3e6b49e\" data-element_type=\"widget\" data-widget_type=\"heading.default\">\n\t\t\t\t<div class=\"elementor-widget-container\">\n\t\t\t\t\t<h2 class=\"elementor-heading-title elementor-size-default\">DER ORT<\/h2>\t\t\t\t<\/div>\n\t\t\t\t<\/div>\n\t\t\t\t<div class=\"elementor-element elementor-element-501f31e elementor-widget-divider--view-line elementor-widget elementor-widget-divider\" data-id=\"501f31e\" data-element_type=\"widget\" data-widget_type=\"divider.default\">\n\t\t\t\t<div class=\"elementor-widget-container\">\n\t\t\t\t\t\t\t<div class=\"elementor-divider\">\n\t\t\t<span class=\"elementor-divider-separator\">\n\t\t\t\t\t\t<\/span>\n\t\t<\/div>\n\t\t\t\t\t\t<\/div>\n\t\t\t\t<\/div>\n\t\t\t\t<div class=\"elementor-element elementor-element-7b5db22 elementor-widget elementor-widget-text-editor\" data-id=\"7b5db22\" data-element_type=\"widget\" data-widget_type=\"text-editor.default\">\n\t\t\t\t<div class=\"elementor-widget-container\">\n\t\t\t\t\t\t\t\t\t<p>Mirissa ist eine Stadt an der S\u00fcdk\u00fcste von Sri Lanka. Mirissa ist mit wundersch\u00f6nen Str\u00e4nden \u00fcbers\u00e4t und eignet sich perfekt zum Schnorcheln, Sonnenbaden und um atemberaubende Sonnenunterg\u00e4nge zu genie\u00dfen.<\/p>\t\t\t\t\t\t\t\t<\/div>\n\t\t\t\t<\/div>\n\t\t\t\t\t<\/div>\n\t\t<\/div>\n\t\t\t\t<div data-wts-url=\"http:\/\/surfnyogasrilanka.com\/162686636600916268663660091626866366009\/faqs\" data-wts-link=\"yes\" data-wts-new-window=\"\" class=\"elementor-column elementor-col-33 elementor-top-column elementor-element elementor-element-d6f22bf ae-link-yes elementor-invisible\" data-id=\"d6f22bf\" data-element_type=\"column\" data-settings=\"{&quot;background_background&quot;:&quot;classic&quot;,&quot;animation&quot;:&quot;fadeInRight&quot;}\">\n\t\t\t<div class=\"elementor-widget-wrap elementor-element-populated\">\n\t\t\t\t\t<div class=\"elementor-background-overlay\"><\/div>\n\t\t\t\t\t\t<div class=\"elementor-element elementor-element-a79b461 elementor-widget elementor-widget-heading\" data-id=\"a79b461\" data-element_type=\"widget\" data-widget_type=\"heading.default\">\n\t\t\t\t<div class=\"elementor-widget-container\">\n\t\t\t\t\t<h2 class=\"elementor-heading-title elementor-size-default\">FAQs<\/h2>\t\t\t\t<\/div>\n\t\t\t\t<\/div>\n\t\t\t\t<div class=\"elementor-element elementor-element-b54dd58 elementor-widget-divider--view-line elementor-widget elementor-widget-divider\" data-id=\"b54dd58\" data-element_type=\"widget\" data-widget_type=\"divider.default\">\n\t\t\t\t<div class=\"elementor-widget-container\">\n\t\t\t\t\t\t\t<div class=\"elementor-divider\">\n\t\t\t<span class=\"elementor-divider-separator\">\n\t\t\t\t\t\t<\/span>\n\t\t<\/div>\n\t\t\t\t\t\t<\/div>\n\t\t\t\t<\/div>\n\t\t\t\t<div class=\"elementor-element elementor-element-8e0a9f3 elementor-widget elementor-widget-text-editor\" data-id=\"8e0a9f3\" data-element_type=\"widget\" data-widget_type=\"text-editor.default\">\n\t\t\t\t<div class=\"elementor-widget-container\">\n\t\t\t\t\t\t\t\t\t<p>Du hast Fragen zu unserem Surfcamp, Surfen und Yoga oder Sri Lanka allgemein? In unseren FAQs findest du weitere hilfreiche Informationen!<\/p>\t\t\t\t\t\t\t\t<\/div>\n\t\t\t\t<\/div>\n\t\t\t\t\t<\/div>\n\t\t<\/div>\n\t\t\t\t\t<\/div>\n\t\t<\/section>\n\t\t\t\t<\/div>","protected":false},"excerpt":{"rendered":"<p>MANTRA SURF CLUB ABOut US Namaste. Welcome to the Mantra Surf Club. We made history as India\u2019s first surfing club and are passionately dedicated to the pastime of surfing, introducing surfing in India, and introducing India to the international surfing community.\u00a0 \u00a0 The Mantra Surf Club was started in 2004 by Jack Hebner and Rick &hellip;<\/p>\n<p class=\"read-more\"> <a class=\"\" href=\"https:\/\/surfnyogasrilanka.com\/de\/meet-our-partners-mantra-surf-club\/\"> <span class=\"screen-reader-text\">Meet Our partners: Mantra surf club<\/span> Weiterlesen &raquo;<\/a><\/p>","protected":false},"author":1,"featured_media":0,"parent":0,"menu_order":0,"comment_status":"closed","ping_status":"closed","template":"","meta":{"_monsterinsights_skip_tracking":false,"_monsterinsights_sitenote_active":false,"_monsterinsights_sitenote_note":"","_monsterinsights_sitenote_category":0,"site-sidebar-layout":"no-sidebar","site-content-layout":"page-builder","ast-global-header-display":"","ast-main-header-display":"","ast-hfb-above-header-display":"","ast-hfb-below-header-display":"","ast-hfb-mobile-header-display":"","site-post-title":"disabled","ast-breadcrumbs-content":"","ast-featured-img":"disabled","footer-sml-layout":"","theme-transparent-header-meta":"default","adv-header-id-meta":"","stick-header-meta":"","header-above-stick-meta":"","header-main-stick-meta":"","header-below-stick-meta":"","_joinchat":[],"footnotes":""},"aioseo_notices":[],"_links":{"self":[{"href":"https:\/\/surfnyogasrilanka.com\/de\/wp-json\/wp\/v2\/pages\/10021"}],"collection":[{"href":"https:\/\/surfnyogasrilanka.com\/de\/wp-json\/wp\/v2\/pages"}],"about":[{"href":"https:\/\/surfnyogasrilanka.com\/de\/wp-json\/wp\/v2\/types\/page"}],"author":[{"embeddable":true,"href":"https:\/\/surfnyogasrilanka.com\/de\/wp-json\/wp\/v2\/users\/1"}],"replies":[{"embeddable":true,"href":"https:\/\/surfnyogasrilanka.com\/de\/wp-json\/wp\/v2\/comments?post=10021"}],"version-history":[{"count":12,"href":"https:\/\/surfnyogasrilanka.com\/de\/wp-json\/wp\/v2\/pages\/10021\/revisions"}],"predecessor-version":[{"id":10093,"href":"https:\/\/surfnyogasrilanka.com\/de\/wp-json\/wp\/v2\/pages\/10021\/revisions\/10093"}],"wp:attachment":[{"href":"https:\/\/surfnyogasrilanka.com\/de\/wp-json\/wp\/v2\/media?parent=10021"}],"curies":[{"name":"wp","href":"https:\/\/api.w.org\/{rel}","templated":true}]}}